{"id":406,"date":"2021-07-17T10:42:05","date_gmt":"2021-07-17T10:42:05","guid":{"rendered":"https:\/\/demo.athemes.com\/botiga\/?post_type=product&#038;p=42"},"modified":"2023-12-04T13:07:20","modified_gmt":"2023-12-04T12:07:20","slug":"collier-goutte-deau-en-argent-massif-et-agate","status":"publish","type":"product","link":"https:\/\/cajeli.com\/index.php\/product\/collier-goutte-deau-en-argent-massif-et-agate\/","title":{"rendered":"Collier goutte d&#8217;eau en Argent massif et Agate"},"content":{"rendered":"<p>Serti d&#8217;Agathe et de coquille, ce collier est en Argent massif ins\u00e9r\u00e9 en son centre de deux pallions argent et or. Il est \u00e0 la fois simple et \u00e9l\u00e9gant et donnera du pebs \u00e0 votre look.<\/p>\n<ul>\n<li>Mati\u00e8re: Argent 925<\/li>\n<li>Couleur m\u00e9tal: Argent<\/li>\n<li>Motif : Rond avec papillon<\/li>\n<li>Serti d&#8217;Agate et coquille<\/li>\n<\/ul>\n","protected":false},"excerpt":{"rendered":"<p>Serti d&#8217;Agathe et de coquille, ce collier est en Argent massif ins\u00e9r\u00e9 en son centre de deux pallions argent et or. Il est \u00e0 la fois simple et \u00e9l\u00e9gant et donnera du pebs \u00e0 votre look. Mati\u00e8re: Argent 925 Couleur m\u00e9tal: Argent Motif : Rond avec papillon Serti d&#8217;Agate et coquille<\/p>\n","protected":false},"featured_media":2054,"comment_status":"open","ping_status":"closed","template":"","meta":{"om_disable_all_campaigns":false,"_monsterinsights_skip_tracking":false,"_monsterinsights_sitenote_active":false,"_monsterinsights_sitenote_note":"","_monsterinsights_sitenote_category":0,"_uf_show_specific_survey":0,"_uf_disable_surveys":false,"site-sidebar-layout":"default","site-content-layout":"","ast-site-content-layout":"default","site-content-style":"default","site-sidebar-style":"default","ast-global-header-display":"","ast-banner-title-visibility":"","ast-main-header-display":"","ast-hfb-above-header-display":"","ast-hfb-below-header-display":"","ast-hfb-mobile-header-display":"","site-post-title":"","ast-breadcrumbs-content":"","ast-featured-img":"","footer-sml-layout":"","ast-disable-related-posts":"","theme-transparent-header-meta":"default","adv-header-id-meta":"","stick-header-meta":"","header-above-stick-meta":"","header-main-stick-meta":"","header-below-stick-meta":"","astra-migrate-meta-layouts":"set","ast-page-background-enabled":"default","ast-page-background-meta":{"desktop":{"background-color":"","background-image":"","background-repeat":"repeat","background-position":"center center","background-size":"auto","background-attachment":"scroll","background-type":"","background-media":"","overlay-type":"","overlay-color":"","overlay-opacity":"","overlay-gradient":""},"tablet":{"background-color":"","background-image":"","background-repeat":"repeat","background-position":"center center","background-size":"auto","background-attachment":"scroll","background-type":"","background-media":"","overlay-type":"","overlay-color":"","overlay-opacity":"","overlay-gradient":""},"mobile":{"background-color":"","background-image":"","background-repeat":"repeat","background-position":"center center","background-size":"auto","background-attachment":"scroll","background-type":"","background-media":"","overlay-type":"","overlay-color":"","overlay-opacity":"","overlay-gradient":""}},"ast-content-background-meta":{"desktop":{"background-color":"var(--ast-global-color-5)","background-image":"","background-repeat":"repeat","background-position":"center center","background-size":"auto","background-attachment":"scroll","background-type":"","background-media":"","overlay-type":"","overlay-color":"","overlay-opacity":"","overlay-gradient":""},"tablet":{"background-color":"var(--ast-global-color-5)","background-image":"","background-repeat":"repeat","background-position":"center center","background-size":"auto","background-attachment":"scroll","background-type":"","background-media":"","overlay-type":"","overlay-color":"","overlay-opacity":"","overlay-gradient":""},"mobile":{"background-color":"var(--ast-global-color-5)","background-image":"","background-repeat":"repeat","background-position":"center center","background-size":"auto","background-attachment":"scroll","background-type":"","background-media":"","overlay-type":"","overlay-color":"","overlay-opacity":"","overlay-gradient":""}},"jetpack_post_was_ever_published":false},"product_brand":[],"product_cat":[28],"product_tag":[],"class_list":{"0":"post-406","1":"product","2":"type-product","3":"status-publish","4":"has-post-thumbnail","6":"product_cat-colliers","7":"desktop-align-left","8":"tablet-align-left","9":"mobile-align-left","11":"first","12":"instock","13":"shipping-taxable","14":"purchasable","15":"product-type-simple"},"aioseo_notices":[],"jetpack-related-posts":[],"jetpack_sharing_enabled":true,"_links":{"self":[{"href":"https:\/\/cajeli.com\/index.php\/wp-json\/wp\/v2\/product\/406","targetHints":{"allow":["GET"]}}],"collection":[{"href":"https:\/\/cajeli.com\/index.php\/wp-json\/wp\/v2\/product"}],"about":[{"href":"https:\/\/cajeli.com\/index.php\/wp-json\/wp\/v2\/types\/product"}],"replies":[{"embeddable":true,"href":"https:\/\/cajeli.com\/index.php\/wp-json\/wp\/v2\/comments?post=406"}],"wp:featuredmedia":[{"embeddable":true,"href":"https:\/\/cajeli.com\/index.php\/wp-json\/wp\/v2\/media\/2054"}],"wp:attachment":[{"href":"https:\/\/cajeli.com\/index.php\/wp-json\/wp\/v2\/media?parent=406"}],"wp:term":[{"taxonomy":"product_brand","embeddable":true,"href":"https:\/\/cajeli.com\/index.php\/wp-json\/wp\/v2\/product_brand?post=406"},{"taxonomy":"product_cat","embeddable":true,"href":"https:\/\/cajeli.com\/index.php\/wp-json\/wp\/v2\/product_cat?post=406"},{"taxonomy":"product_tag","embeddable":true,"href":"https:\/\/cajeli.com\/index.php\/wp-json\/wp\/v2\/product_tag?post=406"}],"curies":[{"name":"wp","href":"https:\/\/api.w.org\/{rel}","templated":true}]}}