{"id":2100,"date":"2023-10-23T23:40:56","date_gmt":"2023-10-23T21:40:56","guid":{"rendered":"https:\/\/cajeli.com\/?post_type=product&#038;p=2100"},"modified":"2023-12-28T22:33:25","modified_gmt":"2023-12-28T21:33:25","slug":"boucles-doreilles-en-argent-massif","status":"publish","type":"product","link":"https:\/\/cajeli.com\/index.php\/product\/boucles-doreilles-en-argent-massif\/","title":{"rendered":"Boucle d&#8217;oreilles en Argent Massif"},"content":{"rendered":"<p>Magnifique boucles d&#8217;oreilles en Argent Massif de couleur Or et forme irr\u00e9gulier.<\/p>\n<ul>\n<li>Mati\u00e8re: Argent 935<\/li>\n<li>Motif: Irr\u00e9gulier<\/li>\n<li>Couleur m\u00e9tal: Or<\/li>\n<li>Plaqu\u00e9 Or 18 carats<\/li>\n<li>Pierre: Zircon mauve<\/li>\n<\/ul>\n","protected":false},"excerpt":{"rendered":"<p>Magnifique boucles d&#8217;oreilles en Argent Massif de couleur Or et forme irr\u00e9gulier. Mati\u00e8re: Argent 935 Motif: Irr\u00e9gulier Couleur m\u00e9tal: Or Plaqu\u00e9 Or 18 carats Pierre: Zircon mauve<\/p>\n","protected":false},"featured_media":3183,"comment_status":"open","ping_status":"closed","template":"","meta":{"om_disable_all_campaigns":false,"_monsterinsights_skip_tracking":false,"_monsterinsights_sitenote_active":false,"_monsterinsights_sitenote_note":"","_monsterinsights_sitenote_category":0,"_uf_show_specific_survey":0,"_uf_disable_surveys":false,"site-sidebar-layout":"default","site-content-layout":"","ast-site-content-layout":"default","site-content-style":"default","site-sidebar-style":"default","ast-global-header-display":"","ast-banner-title-visibility":"","ast-main-header-display":"","ast-hfb-above-header-display":"","ast-hfb-below-header-display":"","ast-hfb-mobile-header-display":"","site-post-title":"","ast-breadcrumbs-content":"","ast-featured-img":"","footer-sml-layout":"","ast-disable-related-posts":"","theme-transparent-header-meta":"default","adv-header-id-meta":"","stick-header-meta":"","header-above-stick-meta":"","header-main-stick-meta":"","header-below-stick-meta":"","astra-migrate-meta-layouts":"set","ast-page-background-enabled":"default","ast-page-background-meta":{"desktop":{"background-color":"","background-image":"","background-repeat":"repeat","background-position":"center center","background-size":"auto","background-attachment":"scroll","background-type":"","background-media":"","overlay-type":"","overlay-color":"","overlay-opacity":"","overlay-gradient":""},"tablet":{"background-color":"","background-image":"","background-repeat":"repeat","background-position":"center center","background-size":"auto","background-attachment":"scroll","background-type":"","background-media":"","overlay-type":"","overlay-color":"","overlay-opacity":"","overlay-gradient":""},"mobile":{"background-color":"","background-image":"","background-repeat":"repeat","background-position":"center center","background-size":"auto","background-attachment":"scroll","background-type":"","background-media":"","overlay-type":"","overlay-color":"","overlay-opacity":"","overlay-gradient":""}},"ast-content-background-meta":{"desktop":{"background-color":"var(--ast-global-color-5)","background-image":"","background-repeat":"repeat","background-position":"center center","background-size":"auto","background-attachment":"scroll","background-type":"","background-media":"","overlay-type":"","overlay-color":"","overlay-opacity":"","overlay-gradient":""},"tablet":{"background-color":"var(--ast-global-color-5)","background-image":"","background-repeat":"repeat","background-position":"center center","background-size":"auto","background-attachment":"scroll","background-type":"","background-media":"","overlay-type":"","overlay-color":"","overlay-opacity":"","overlay-gradient":""},"mobile":{"background-color":"var(--ast-global-color-5)","background-image":"","background-repeat":"repeat","background-position":"center center","background-size":"auto","background-attachment":"scroll","background-type":"","background-media":"","overlay-type":"","overlay-color":"","overlay-opacity":"","overlay-gradient":""}},"jetpack_post_was_ever_published":false},"product_brand":[],"product_cat":[29],"product_tag":[],"class_list":{"0":"post-2100","1":"product","2":"type-product","3":"status-publish","4":"has-post-thumbnail","6":"product_cat-boucles-doreilles","7":"desktop-align-left","8":"tablet-align-left","9":"mobile-align-left","11":"first","12":"instock","13":"shipping-taxable","14":"purchasable","15":"product-type-simple"},"aioseo_notices":[],"jetpack-related-posts":[],"jetpack_sharing_enabled":true,"_links":{"self":[{"href":"https:\/\/cajeli.com\/index.php\/wp-json\/wp\/v2\/product\/2100","targetHints":{"allow":["GET"]}}],"collection":[{"href":"https:\/\/cajeli.com\/index.php\/wp-json\/wp\/v2\/product"}],"about":[{"href":"https:\/\/cajeli.com\/index.php\/wp-json\/wp\/v2\/types\/product"}],"replies":[{"embeddable":true,"href":"https:\/\/cajeli.com\/index.php\/wp-json\/wp\/v2\/comments?post=2100"}],"wp:featuredmedia":[{"embeddable":true,"href":"https:\/\/cajeli.com\/index.php\/wp-json\/wp\/v2\/media\/3183"}],"wp:attachment":[{"href":"https:\/\/cajeli.com\/index.php\/wp-json\/wp\/v2\/media?parent=2100"}],"wp:term":[{"taxonomy":"product_brand","embeddable":true,"href":"https:\/\/cajeli.com\/index.php\/wp-json\/wp\/v2\/product_brand?post=2100"},{"taxonomy":"product_cat","embeddable":true,"href":"https:\/\/cajeli.com\/index.php\/wp-json\/wp\/v2\/product_cat?post=2100"},{"taxonomy":"product_tag","embeddable":true,"href":"https:\/\/cajeli.com\/index.php\/wp-json\/wp\/v2\/product_tag?post=2100"}],"curies":[{"name":"wp","href":"https:\/\/api.w.org\/{rel}","templated":true}]}}