{"id":1994,"date":"2023-10-18T12:58:16","date_gmt":"2023-10-18T10:58:16","guid":{"rendered":"https:\/\/cajeli.com\/?post_type=product&#038;p=1994"},"modified":"2023-10-25T15:07:45","modified_gmt":"2023-10-25T13:07:45","slug":"bracelet-en-acier-poli-de-couleur-or-et-plaque-or","status":"publish","type":"product","link":"https:\/\/cajeli.com\/index.php\/product\/bracelet-en-acier-poli-de-couleur-or-et-plaque-or\/","title":{"rendered":"Bracelet en acier poli de couleur or et plaqu\u00e9 or"},"content":{"rendered":"<p>Ce bracelet est dot\u00e9es d&#8217;une chaine \u00e0 maille et d&#8217;un gemme plaqu\u00e9 or 18 carats . Il est \u00a0superbement confectionn\u00e9es en acier poli et PVD.<\/p>\n<ul>\n<li>Mati\u00e8re: Acier poli<\/li>\n<li>Couleur m\u00e9tal: Dor\u00e9e<\/li>\n<li>Plaqu\u00e9 or 18 carats<\/li>\n<li>Taille du gemme 3mm<\/li>\n<li>Longueur: 16cm, rallonge 5cm<\/li>\n<\/ul>\n","protected":false},"excerpt":{"rendered":"<p>Ce bracelet est dot\u00e9es d&#8217;une chaine \u00e0 maille et d&#8217;un gemme plaqu\u00e9 or 18 carats . Il est \u00a0superbement confectionn\u00e9es en acier poli et PVD. Mati\u00e8re: Acier poli Couleur m\u00e9tal: Dor\u00e9e Plaqu\u00e9 or 18 carats Taille du gemme 3mm Longueur: 16cm, rallonge 5cm<\/p>\n","protected":false},"featured_media":2002,"comment_status":"open","ping_status":"closed","template":"","meta":{"om_disable_all_campaigns":false,"_monsterinsights_skip_tracking":false,"_monsterinsights_sitenote_active":false,"_monsterinsights_sitenote_note":"","_monsterinsights_sitenote_category":0,"_uf_show_specific_survey":0,"_uf_disable_surveys":false,"site-sidebar-layout":"default","site-content-layout":"","ast-site-content-layout":"default","site-content-style":"default","site-sidebar-style":"default","ast-global-header-display":"","ast-banner-title-visibility":"","ast-main-header-display":"","ast-hfb-above-header-display":"","ast-hfb-below-header-display":"","ast-hfb-mobile-header-display":"","site-post-title":"","ast-breadcrumbs-content":"","ast-featured-img":"","footer-sml-layout":"","ast-disable-related-posts":"","theme-transparent-header-meta":"default","adv-header-id-meta":"","stick-header-meta":"","header-above-stick-meta":"","header-main-stick-meta":"","header-below-stick-meta":"","astra-migrate-meta-layouts":"set","ast-page-background-enabled":"default","ast-page-background-meta":{"desktop":{"background-color":"","background-image":"","background-repeat":"repeat","background-position":"center center","background-size":"auto","background-attachment":"scroll","background-type":"","background-media":"","overlay-type":"","overlay-color":"","overlay-opacity":"","overlay-gradient":""},"tablet":{"background-color":"","background-image":"","background-repeat":"repeat","background-position":"center center","background-size":"auto","background-attachment":"scroll","background-type":"","background-media":"","overlay-type":"","overlay-color":"","overlay-opacity":"","overlay-gradient":""},"mobile":{"background-color":"","background-image":"","background-repeat":"repeat","background-position":"center center","background-size":"auto","background-attachment":"scroll","background-type":"","background-media":"","overlay-type":"","overlay-color":"","overlay-opacity":"","overlay-gradient":""}},"ast-content-background-meta":{"desktop":{"background-color":"var(--ast-global-color-5)","background-image":"","background-repeat":"repeat","background-position":"center center","background-size":"auto","background-attachment":"scroll","background-type":"","background-media":"","overlay-type":"","overlay-color":"","overlay-opacity":"","overlay-gradient":""},"tablet":{"background-color":"var(--ast-global-color-5)","background-image":"","background-repeat":"repeat","background-position":"center center","background-size":"auto","background-attachment":"scroll","background-type":"","background-media":"","overlay-type":"","overlay-color":"","overlay-opacity":"","overlay-gradient":""},"mobile":{"background-color":"var(--ast-global-color-5)","background-image":"","background-repeat":"repeat","background-position":"center center","background-size":"auto","background-attachment":"scroll","background-type":"","background-media":"","overlay-type":"","overlay-color":"","overlay-opacity":"","overlay-gradient":""}},"jetpack_post_was_ever_published":false},"product_brand":[],"product_cat":[26],"product_tag":[],"class_list":{"0":"post-1994","1":"product","2":"type-product","3":"status-publish","4":"has-post-thumbnail","6":"product_cat-bracelets","7":"desktop-align-left","8":"tablet-align-left","9":"mobile-align-left","11":"first","12":"instock","13":"shipping-taxable","14":"purchasable","15":"product-type-simple"},"aioseo_notices":[],"jetpack-related-posts":[],"jetpack_sharing_enabled":true,"_links":{"self":[{"href":"https:\/\/cajeli.com\/index.php\/wp-json\/wp\/v2\/product\/1994","targetHints":{"allow":["GET"]}}],"collection":[{"href":"https:\/\/cajeli.com\/index.php\/wp-json\/wp\/v2\/product"}],"about":[{"href":"https:\/\/cajeli.com\/index.php\/wp-json\/wp\/v2\/types\/product"}],"replies":[{"embeddable":true,"href":"https:\/\/cajeli.com\/index.php\/wp-json\/wp\/v2\/comments?post=1994"}],"wp:featuredmedia":[{"embeddable":true,"href":"https:\/\/cajeli.com\/index.php\/wp-json\/wp\/v2\/media\/2002"}],"wp:attachment":[{"href":"https:\/\/cajeli.com\/index.php\/wp-json\/wp\/v2\/media?parent=1994"}],"wp:term":[{"taxonomy":"product_brand","embeddable":true,"href":"https:\/\/cajeli.com\/index.php\/wp-json\/wp\/v2\/product_brand?post=1994"},{"taxonomy":"product_cat","embeddable":true,"href":"https:\/\/cajeli.com\/index.php\/wp-json\/wp\/v2\/product_cat?post=1994"},{"taxonomy":"product_tag","embeddable":true,"href":"https:\/\/cajeli.com\/index.php\/wp-json\/wp\/v2\/product_tag?post=1994"}],"curies":[{"name":"wp","href":"https:\/\/api.w.org\/{rel}","templated":true}]}}